{"id":311,"date":"2024-09-01T19:30:48","date_gmt":"2024-09-01T17:30:48","guid":{"rendered":"https:\/\/www.oasismalagaapartments.com\/contact\/"},"modified":"2024-09-02T12:06:51","modified_gmt":"2024-09-02T10:06:51","slug":"contact","status":"publish","type":"page","link":"https:\/\/www.oasismalagaapartments.com\/en\/contact\/","title":{"rendered":"Contact"},"content":{"rendered":"","protected":false},"excerpt":{"rendered":"","protected":false},"author":1,"featured_media":0,"parent":0,"menu_order":0,"comment_status":"closed","ping_status":"closed","template":"","meta":{"footnotes":""},"class_list":["post-311","page","type-page","status-publish","hentry"],"yoast_head":"<!-- This site is optimized with the Yoast SEO plugin v27.4 - https:\/\/yoast.com\/product\/yoast-seo-wordpress\/ -->\n<title>Contact Us | Oasis Accommodation in Malaga<\/title>\n<meta name=\"description\" content=\"Get in touch with Oasis Accommodation in Malaga. We&#039;re here to assist you with reservations, inquiries, or any information you need about our locations in \u00c1lora, Rincon de la Victoria, and Malaga city center. Contact us today!\" \/>\n<meta name=\"robots\" content=\"index, follow, max-snippet:-1, max-image-preview:large, max-video-preview:-1\" \/>\n<link rel=\"canonical\" href=\"https:\/\/www.oasismalagaapartments.com\/en\/contact\/\" \/>\n<meta property=\"og:locale\" content=\"en_US\" \/>\n<meta property=\"og:type\" content=\"article\" \/>\n<meta property=\"og:title\" content=\"Contact Us | Oasis Accommodation in Malaga\" \/>\n<meta property=\"og:description\" content=\"Get in touch with Oasis Accommodation in Malaga. We&#039;re here to assist you with reservations, inquiries, or any information you need about our locations in \u00c1lora, Rincon de la Victoria, and Malaga city center. Contact us today!\" \/>\n<meta property=\"og:url\" content=\"https:\/\/www.oasismalagaapartments.com\/en\/contact\/\" \/>\n<meta property=\"og:site_name\" content=\"Oasis Malaga Apartaments\" \/>\n<meta property=\"article:modified_time\" content=\"2024-09-02T10:06:51+00:00\" \/>\n<meta name=\"twitter:card\" content=\"summary_large_image\" \/>\n<script type=\"application\/ld+json\" class=\"yoast-schema-graph\">{\"@context\":\"https:\\\/\\\/schema.org\",\"@graph\":[{\"@type\":\"WebPage\",\"@id\":\"https:\\\/\\\/www.oasismalagaapartments.com\\\/en\\\/contact\\\/\",\"url\":\"https:\\\/\\\/www.oasismalagaapartments.com\\\/en\\\/contact\\\/\",\"name\":\"Contact Us | Oasis Accommodation in Malaga\",\"isPartOf\":{\"@id\":\"https:\\\/\\\/www.oasismalagaapartments.com\\\/en\\\/#website\"},\"datePublished\":\"2024-09-01T17:30:48+00:00\",\"dateModified\":\"2024-09-02T10:06:51+00:00\",\"description\":\"Get in touch with Oasis Accommodation in Malaga. We're here to assist you with reservations, inquiries, or any information you need about our locations in \u00c1lora, Rincon de la Victoria, and Malaga city center. Contact us today!\",\"breadcrumb\":{\"@id\":\"https:\\\/\\\/www.oasismalagaapartments.com\\\/en\\\/contact\\\/#breadcrumb\"},\"inLanguage\":\"en-US\",\"potentialAction\":[{\"@type\":\"ReadAction\",\"target\":[\"https:\\\/\\\/www.oasismalagaapartments.com\\\/en\\\/contact\\\/\"]}]},{\"@type\":\"BreadcrumbList\",\"@id\":\"https:\\\/\\\/www.oasismalagaapartments.com\\\/en\\\/contact\\\/#breadcrumb\",\"itemListElement\":[{\"@type\":\"ListItem\",\"position\":1,\"name\":\"Portada\",\"item\":\"https:\\\/\\\/www.oasismalagaapartments.com\\\/en\\\/oasis-malaga-apartments\\\/\"},{\"@type\":\"ListItem\",\"position\":2,\"name\":\"Contact\"}]},{\"@type\":\"WebSite\",\"@id\":\"https:\\\/\\\/www.oasismalagaapartments.com\\\/en\\\/#website\",\"url\":\"https:\\\/\\\/www.oasismalagaapartments.com\\\/en\\\/\",\"name\":\"Apartamentos OASIS en M\u00e1laga\",\"description\":\"Alquiles de apartamentos en M\u00e1laga. Oasis Malaga Apartaments\",\"publisher\":{\"@id\":\"https:\\\/\\\/www.oasismalagaapartments.com\\\/en\\\/#organization\"},\"alternateName\":\"Apartamentos OASIS en M\u00e1laga: Confort y Ubicaci\u00f3n Ideal para tu Estancia\",\"potentialAction\":[{\"@type\":\"SearchAction\",\"target\":{\"@type\":\"EntryPoint\",\"urlTemplate\":\"https:\\\/\\\/www.oasismalagaapartments.com\\\/en\\\/?s={search_term_string}\"},\"query-input\":{\"@type\":\"PropertyValueSpecification\",\"valueRequired\":true,\"valueName\":\"search_term_string\"}}],\"inLanguage\":\"en-US\"},{\"@type\":\"Organization\",\"@id\":\"https:\\\/\\\/www.oasismalagaapartments.com\\\/en\\\/#organization\",\"name\":\"Apartamentos OASIS en M\u00e1laga\",\"alternateName\":\"Apartamentos OASIS en M\u00e1laga: Confort y Ubicaci\u00f3n Ideal para tu Estancia\",\"url\":\"https:\\\/\\\/www.oasismalagaapartments.com\\\/en\\\/\",\"logo\":{\"@type\":\"ImageObject\",\"inLanguage\":\"en-US\",\"@id\":\"https:\\\/\\\/www.oasismalagaapartments.com\\\/en\\\/#\\\/schema\\\/logo\\\/image\\\/\",\"url\":\"https:\\\/\\\/www.oasismalagaapartments.com\\\/wp-content\\\/uploads\\\/2024\\\/09\\\/Logo-oasis-malaga-apartaments-vertical-color.svg\",\"contentUrl\":\"https:\\\/\\\/www.oasismalagaapartments.com\\\/wp-content\\\/uploads\\\/2024\\\/09\\\/Logo-oasis-malaga-apartaments-vertical-color.svg\",\"width\":\"1024\",\"height\":\"1024\",\"caption\":\"Apartamentos OASIS en M\u00e1laga\"},\"image\":{\"@id\":\"https:\\\/\\\/www.oasismalagaapartments.com\\\/en\\\/#\\\/schema\\\/logo\\\/image\\\/\"}}]}<\/script>\n<!-- \/ Yoast SEO plugin. -->","yoast_head_json":{"title":"Contact Us | Oasis Accommodation in Malaga","description":"Get in touch with Oasis Accommodation in Malaga. We're here to assist you with reservations, inquiries, or any information you need about our locations in \u00c1lora, Rincon de la Victoria, and Malaga city center. Contact us today!","robots":{"index":"index","follow":"follow","max-snippet":"max-snippet:-1","max-image-preview":"max-image-preview:large","max-video-preview":"max-video-preview:-1"},"canonical":"https:\/\/www.oasismalagaapartments.com\/en\/contact\/","og_locale":"en_US","og_type":"article","og_title":"Contact Us | Oasis Accommodation in Malaga","og_description":"Get in touch with Oasis Accommodation in Malaga. We're here to assist you with reservations, inquiries, or any information you need about our locations in \u00c1lora, Rincon de la Victoria, and Malaga city center. Contact us today!","og_url":"https:\/\/www.oasismalagaapartments.com\/en\/contact\/","og_site_name":"Oasis Malaga Apartaments","article_modified_time":"2024-09-02T10:06:51+00:00","twitter_card":"summary_large_image","schema":{"@context":"https:\/\/schema.org","@graph":[{"@type":"WebPage","@id":"https:\/\/www.oasismalagaapartments.com\/en\/contact\/","url":"https:\/\/www.oasismalagaapartments.com\/en\/contact\/","name":"Contact Us | Oasis Accommodation in Malaga","isPartOf":{"@id":"https:\/\/www.oasismalagaapartments.com\/en\/#website"},"datePublished":"2024-09-01T17:30:48+00:00","dateModified":"2024-09-02T10:06:51+00:00","description":"Get in touch with Oasis Accommodation in Malaga. We're here to assist you with reservations, inquiries, or any information you need about our locations in \u00c1lora, Rincon de la Victoria, and Malaga city center. Contact us today!","breadcrumb":{"@id":"https:\/\/www.oasismalagaapartments.com\/en\/contact\/#breadcrumb"},"inLanguage":"en-US","potentialAction":[{"@type":"ReadAction","target":["https:\/\/www.oasismalagaapartments.com\/en\/contact\/"]}]},{"@type":"BreadcrumbList","@id":"https:\/\/www.oasismalagaapartments.com\/en\/contact\/#breadcrumb","itemListElement":[{"@type":"ListItem","position":1,"name":"Portada","item":"https:\/\/www.oasismalagaapartments.com\/en\/oasis-malaga-apartments\/"},{"@type":"ListItem","position":2,"name":"Contact"}]},{"@type":"WebSite","@id":"https:\/\/www.oasismalagaapartments.com\/en\/#website","url":"https:\/\/www.oasismalagaapartments.com\/en\/","name":"Apartamentos OASIS en M\u00e1laga","description":"Alquiles de apartamentos en M\u00e1laga. Oasis Malaga Apartaments","publisher":{"@id":"https:\/\/www.oasismalagaapartments.com\/en\/#organization"},"alternateName":"Apartamentos OASIS en M\u00e1laga: Confort y Ubicaci\u00f3n Ideal para tu Estancia","potentialAction":[{"@type":"SearchAction","target":{"@type":"EntryPoint","urlTemplate":"https:\/\/www.oasismalagaapartments.com\/en\/?s={search_term_string}"},"query-input":{"@type":"PropertyValueSpecification","valueRequired":true,"valueName":"search_term_string"}}],"inLanguage":"en-US"},{"@type":"Organization","@id":"https:\/\/www.oasismalagaapartments.com\/en\/#organization","name":"Apartamentos OASIS en M\u00e1laga","alternateName":"Apartamentos OASIS en M\u00e1laga: Confort y Ubicaci\u00f3n Ideal para tu Estancia","url":"https:\/\/www.oasismalagaapartments.com\/en\/","logo":{"@type":"ImageObject","inLanguage":"en-US","@id":"https:\/\/www.oasismalagaapartments.com\/en\/#\/schema\/logo\/image\/","url":"https:\/\/www.oasismalagaapartments.com\/wp-content\/uploads\/2024\/09\/Logo-oasis-malaga-apartaments-vertical-color.svg","contentUrl":"https:\/\/www.oasismalagaapartments.com\/wp-content\/uploads\/2024\/09\/Logo-oasis-malaga-apartaments-vertical-color.svg","width":"1024","height":"1024","caption":"Apartamentos OASIS en M\u00e1laga"},"image":{"@id":"https:\/\/www.oasismalagaapartments.com\/en\/#\/schema\/logo\/image\/"}}]}},"_links":{"self":[{"href":"https:\/\/www.oasismalagaapartments.com\/en\/wp-json\/wp\/v2\/pages\/311","targetHints":{"allow":["GET"]}}],"collection":[{"href":"https:\/\/www.oasismalagaapartments.com\/en\/wp-json\/wp\/v2\/pages"}],"about":[{"href":"https:\/\/www.oasismalagaapartments.com\/en\/wp-json\/wp\/v2\/types\/page"}],"author":[{"embeddable":true,"href":"https:\/\/www.oasismalagaapartments.com\/en\/wp-json\/wp\/v2\/users\/1"}],"replies":[{"embeddable":true,"href":"https:\/\/www.oasismalagaapartments.com\/en\/wp-json\/wp\/v2\/comments?post=311"}],"version-history":[{"count":1,"href":"https:\/\/www.oasismalagaapartments.com\/en\/wp-json\/wp\/v2\/pages\/311\/revisions"}],"predecessor-version":[{"id":366,"href":"https:\/\/www.oasismalagaapartments.com\/en\/wp-json\/wp\/v2\/pages\/311\/revisions\/366"}],"wp:attachment":[{"href":"https:\/\/www.oasismalagaapartments.com\/en\/wp-json\/wp\/v2\/media?parent=311"}],"curies":[{"name":"wp","href":"https:\/\/api.w.org\/{rel}","templated":true}]}}